{"id":3044,"date":"2025-10-22T14:41:19","date_gmt":"2025-10-22T14:41:19","guid":{"rendered":"https:\/\/revesdesablesmaroc.com\/?page_id=3044"},"modified":"2025-10-22T14:41:19","modified_gmt":"2025-10-22T14:41:19","slug":"mentions-legales","status":"publish","type":"page","link":"https:\/\/revesdesablesmaroc.com\/en\/mentions-legales\/","title":{"rendered":"Mentions l\u00e9gales"},"content":{"rendered":"\n<p><strong>R\u00eaves de Sables \u2013 Mentions l\u00e9gales<\/strong><\/p>\n\n\n\n<p>Conform\u00e9ment \u00e0 la l\u00e9gislation en vigueur au Maroc (notamment la loi n\u00b0\u202f2004\u2011575 du 21 juin 2004 pour la confiance dans l\u2019\u00e9conomie num\u00e9rique, et la loi n\u00b0\u202f09\u201108 sur les donn\u00e9es \u00e0 caract\u00e8re personnel), les pr\u00e9sentes mentions l\u00e9gales sont mentionn\u00e9es pour le site internet de R\u00eaves de Sables.<\/p>\n\n\n\n<h3 class=\"wp-block-heading\">\u00c9diteur du site<\/h3>\n\n\n\n<p>Nom de l\u2019entreprise : R\u00eaves de Sables<br>Forme juridique : [SARL]<br>Si\u00e8ge social : Ouarzazate, Maroc<br>T\u00e9l\u00e9phone : \u00a0+212 708 400 684<\/p>\n\n\n\n<h3 class=\"wp-block-heading\">H\u00e9bergeur du site<\/h3>\n\n\n\n<p>Nom de l\u2019h\u00e9bergeur : Hostinger<\/p>\n\n\n\n<h3 class=\"wp-block-heading\">Propri\u00e9t\u00e9 intellectuelle<\/h3>\n\n\n\n<p>Tous les contenus (textes, images, graphismes, logos, vid\u00e9os) pr\u00e9sents sur le site sont prot\u00e9g\u00e9s par les droits d\u2019auteur et de propri\u00e9t\u00e9 intellectuelle. Toute reproduction, repr\u00e9sentation, modification, adaptation, int\u00e9grale ou partielle, est strictement interdite sauf autorisation \u00e9crite pr\u00e9alable de R\u00eaves de Sables.<\/p>\n\n\n\n<h3 class=\"wp-block-heading\">Donn\u00e9es personnelles<\/h3>\n\n\n\n<p>Pour toute information relative \u00e0 la collecte et au traitement des donn\u00e9es personnelles, consulter notre Politique de confidentialit\u00e9.<\/p>\n\n\n\n<h3 class=\"wp-block-heading\">Conditions d\u2019utilisation du site<\/h3>\n\n\n\n<p>L\u2019acc\u00e8s et l\u2019utilisation du site impliquent l\u2019acceptation des pr\u00e9sentes mentions l\u00e9gales. Vous vous engagez \u00e0 un usage conforme aux lois et \u00e0 ne pas porter atteinte aux droits de tiers ou au bon fonctionnement du site.<\/p>\n\n\n\n<h3 class=\"wp-block-heading\">Responsabilit\u00e9<\/h3>\n\n\n\n<p>R\u00eaves de Sables ne peut \u00eatre tenue responsable des dommages directs ou indirects caus\u00e9s \u00e0 l\u2019utilisateur lors de l\u2019acc\u00e8s ou de l\u2019utilisation du site, ou li\u00e9s \u00e0 l\u2019impossibilit\u00e9 d\u2019acc\u00e9der \u00e0 son contenu.<\/p>\n\n\n\n<h3 class=\"wp-block-heading\">Droit applicable et juridiction comp\u00e9tente<\/h3>\n\n\n\n<p>Les pr\u00e9sentes mentions sont r\u00e9gies par le droit marocain. En cas de litige, les tribunaux comp\u00e9tents du ressort du si\u00e8ge social de l\u2019entreprise seront seuls comp\u00e9tents.<\/p>\n\n\n\n<p>Date de mise \u00e0 jour : 20\/10\/2025<\/p>\n","protected":false},"excerpt":{"rendered":"<p>R\u00eaves de Sables \u2013 Mentions l\u00e9gales Conform\u00e9ment \u00e0 la l\u00e9gislation en vigueur au Maroc (notamment la loi n\u00b0\u202f2004\u2011575 du 21 juin 2004 pour la confiance dans l\u2019\u00e9conomie num\u00e9rique, et la loi n\u00b0\u202f09\u201108 sur les donn\u00e9es \u00e0 caract\u00e8re personnel), les pr\u00e9sentes mentions l\u00e9gales sont mentionn\u00e9es pour le site internet de R\u00eaves de Sables. \u00c9diteur du site Nom de l\u2019entreprise : R\u00eaves de SablesForme juridique : [SARL]Si\u00e8ge social : Ouarzazate, MarocT\u00e9l\u00e9phone : \u00a0+212 708 400 684 H\u00e9bergeur du site Nom de l\u2019h\u00e9bergeur : Hostinger Propri\u00e9t\u00e9 intellectuelle Tous les contenus (textes, images, graphismes, logos, vid\u00e9os) pr\u00e9sents sur le site sont prot\u00e9g\u00e9s par les droits d\u2019auteur et de propri\u00e9t\u00e9 intellectuelle. Toute reproduction, repr\u00e9sentation, modification, adaptation, int\u00e9grale ou partielle, est strictement interdite sauf autorisation \u00e9crite pr\u00e9alable de R\u00eaves de Sables. Donn\u00e9es personnelles Pour toute information relative \u00e0 la collecte et au traitement des donn\u00e9es personnelles, consulter notre Politique de confidentialit\u00e9. Conditions d\u2019utilisation du site L\u2019acc\u00e8s et l\u2019utilisation du site impliquent l\u2019acceptation des pr\u00e9sentes mentions l\u00e9gales. Vous vous engagez \u00e0 un usage conforme aux lois et \u00e0 ne pas porter atteinte aux droits de tiers ou au bon fonctionnement du site. Responsabilit\u00e9 R\u00eaves de Sables ne peut \u00eatre tenue responsable des dommages directs ou indirects caus\u00e9s \u00e0 l\u2019utilisateur lors de l\u2019acc\u00e8s ou de l\u2019utilisation du site, ou li\u00e9s \u00e0 l\u2019impossibilit\u00e9 d\u2019acc\u00e9der \u00e0 son contenu. Droit applicable et juridiction comp\u00e9tente Les pr\u00e9sentes mentions sont r\u00e9gies par le droit marocain. En cas de litige, les tribunaux comp\u00e9tents du ressort du si\u00e8ge social de l\u2019entreprise seront seuls comp\u00e9tents. Date de mise \u00e0 jour : 20\/10\/2025<\/p>\n","protected":false},"author":2,"featured_media":0,"parent":0,"menu_order":0,"comment_status":"closed","ping_status":"closed","template":"","meta":{"site-sidebar-layout":"default","site-content-layout":"","ast-site-content-layout":"default","site-content-style":"default","site-sidebar-style":"default","ast-global-header-display":"","ast-banner-title-visibility":"","ast-main-header-display":"","ast-hfb-above-header-display":"","ast-hfb-below-header-display":"","ast-hfb-mobile-header-display":"","site-post-title":"","ast-breadcrumbs-content":"","ast-featured-img":"","footer-sml-layout":"","ast-disable-related-posts":"","theme-transparent-header-meta":"","adv-header-id-meta":"","stick-header-meta":"","header-above-stick-meta":"","header-main-stick-meta":"","header-below-stick-meta":"","astra-migrate-meta-layouts":"set","ast-page-background-enabled":"default","ast-page-background-meta":{"desktop":{"background-color":"","background-image":"","background-repeat":"repeat","background-position":"center center","background-size":"auto","background-attachment":"scroll","background-type":"","background-media":"","overlay-type":"","overlay-color":"","overlay-opacity":"","overlay-gradient":""},"tablet":{"background-color":"","background-image":"","background-repeat":"repeat","background-position":"center center","background-size":"auto","background-attachment":"scroll","background-type":"","background-media":"","overlay-type":"","overlay-color":"","overlay-opacity":"","overlay-gradient":""},"mobile":{"background-color":"","background-image":"","background-repeat":"repeat","background-position":"center center","background-size":"auto","background-attachment":"scroll","background-type":"","background-media":"","overlay-type":"","overlay-color":"","overlay-opacity":"","overlay-gradient":""}},"ast-content-background-meta":{"desktop":{"background-color":"var(--ast-global-color-5)","background-image":"","background-repeat":"repeat","background-position":"center center","background-size":"auto","background-attachment":"scroll","background-type":"","background-media":"","overlay-type":"","overlay-color":"","overlay-opacity":"","overlay-gradient":""},"tablet":{"background-color":"var(--ast-global-color-5)","background-image":"","background-repeat":"repeat","background-position":"center center","background-size":"auto","background-attachment":"scroll","background-type":"","background-media":"","overlay-type":"","overlay-color":"","overlay-opacity":"","overlay-gradient":""},"mobile":{"background-color":"var(--ast-global-color-5)","background-image":"","background-repeat":"repeat","background-position":"center center","background-size":"auto","background-attachment":"scroll","background-type":"","background-media":"","overlay-type":"","overlay-color":"","overlay-opacity":"","overlay-gradient":""}},"footnotes":""},"class_list":["post-3044","page","type-page","status-publish","hentry"],"_hostinger_reach_plugin_has_subscription_block":false,"_hostinger_reach_plugin_is_elementor":false,"_links":{"self":[{"href":"https:\/\/revesdesablesmaroc.com\/en\/wp-json\/wp\/v2\/pages\/3044","targetHints":{"allow":["GET"]}}],"collection":[{"href":"https:\/\/revesdesablesmaroc.com\/en\/wp-json\/wp\/v2\/pages"}],"about":[{"href":"https:\/\/revesdesablesmaroc.com\/en\/wp-json\/wp\/v2\/types\/page"}],"author":[{"embeddable":true,"href":"https:\/\/revesdesablesmaroc.com\/en\/wp-json\/wp\/v2\/users\/2"}],"replies":[{"embeddable":true,"href":"https:\/\/revesdesablesmaroc.com\/en\/wp-json\/wp\/v2\/comments?post=3044"}],"version-history":[{"count":1,"href":"https:\/\/revesdesablesmaroc.com\/en\/wp-json\/wp\/v2\/pages\/3044\/revisions"}],"predecessor-version":[{"id":3046,"href":"https:\/\/revesdesablesmaroc.com\/en\/wp-json\/wp\/v2\/pages\/3044\/revisions\/3046"}],"wp:attachment":[{"href":"https:\/\/revesdesablesmaroc.com\/en\/wp-json\/wp\/v2\/media?parent=3044"}],"curies":[{"name":"wp","href":"https:\/\/api.w.org\/{rel}","templated":true}]}}